{"id":5362,"date":"2025-08-19T13:49:58","date_gmt":"2025-08-19T13:49:58","guid":{"rendered":"https:\/\/montageservice-suedbayern.de\/?page_id=5362"},"modified":"2025-08-21T10:40:05","modified_gmt":"2025-08-21T10:40:05","slug":"impressum","status":"publish","type":"page","link":"https:\/\/montageservice-suedbayern.de\/ru\/impressum\/","title":{"rendered":"Impressum"},"content":{"rendered":"<div data-elementor-type=\"wp-page\" data-elementor-id=\"5362\" class=\"elementor elementor-5362\" data-elementor-post-type=\"page\">\n\t\t\t\t<div class=\"elementor-element elementor-element-ba06e1e e-flex e-con-boxed e-con e-parent\" data-id=\"ba06e1e\" data-element_type=\"container\" data-settings=\"{&quot;background_background&quot;:&quot;classic&quot;}\">\n\t\t\t\t\t<div class=\"e-con-inner\">\n\t\t\t\t<div class=\"elementor-element elementor-element-9adf1e8 elementor-widget elementor-widget-heading\" data-id=\"9adf1e8\" data-element_type=\"widget\" data-widget_type=\"heading.default\">\n\t\t\t\t\t<h2 class=\"elementor-heading-title elementor-size-default\">Impressum<\/h2>\t\t\t\t<\/div>\n\t\t\t\t\t<\/div>\n\t\t\t\t<\/div>\n\t\t<div class=\"elementor-element elementor-element-26e69a0 e-flex e-con-boxed e-con e-parent\" data-id=\"26e69a0\" data-element_type=\"container\">\n\t\t\t\t\t<div class=\"e-con-inner\">\n\t\t\t\t<div class=\"elementor-element elementor-element-b12ebac elementor-widget elementor-widget-text-editor\" data-id=\"b12ebac\" data-element_type=\"widget\" data-widget_type=\"text-editor.default\">\n\t\t\t\t\t\t\t\t\t<p data-start=\"188\" data-end=\"259\"><strong data-start=\"188\" data-end=\"221\">Montageservice S\u00fcdbayern GmbH<\/strong><br data-start=\"221\" data-end=\"224\" \/>\u0410\u043d \u0434\u0435\u0440 \u041b\u0430\u0445 42<br data-start=\"238\" data-end=\"241\" \/>86720 \u041d\u0451\u0440\u0434\u043b\u0438\u043d\u0433\u0435\u043d<\/p><p data-start=\"261\" data-end=\"299\">\u0412\u0435\u0440\u043d\u0438\u0442\u0435\u0441\u044c \u043a \u0433\u0435\u0448\u0435\u0444\u0442\u0441\u0444\u044e\u0440\u0435\u0440\u0443:<\/p><ul data-start=\"300\" data-end=\"337\"><li data-start=\"300\" data-end=\"314\"><p data-start=\"302\" data-end=\"314\">\u0421\u0430\u0448\u0430 \u0425\u043e\u0444<\/p><\/li><li data-start=\"315\" data-end=\"337\"><p data-start=\"317\" data-end=\"337\">\u0412\u0438\u043a\u0442\u043e\u0440 \u041d\u0435\u0434\u0443\u0449\u0435\u043d\u043a\u043e<\/p><\/li><\/ul><p data-start=\"339\" data-end=\"406\">Kontakt:<br data-start=\"347\" data-end=\"350\" \/>\u0422\u0435\u043b\u0435\u0444\u043e\u043d: +49 152 34152470<br data-start=\"376\" data-end=\"379\" \/>E-Mail: info@montageservice-suedbayern.de<\/p><p data-start=\"408\" data-end=\"532\">Registereintrag:<br data-start=\"424\" data-end=\"427\" \/>Eintragung im Handelsregister.<br data-start=\"457\" data-end=\"460\" \/>Registergericht: wird nachgereicht<br data-start=\"494\" data-end=\"497\" \/>Registernummer: wird nachgereicht<\/p><p data-start=\"534\" data-end=\"572\">Umsatzsteuer-ID:<br data-start=\"550\" data-end=\"553\" \/>\u043d\u0435 \u0431\u0443\u0434\u0435\u0442 \u0438\u043c\u0435\u0442\u044c \u043e\u0442\u043d\u043e\u0448\u0435\u043d\u0438\u044f<\/p><p data-start=\"574\" data-end=\"698\">Verantwortlich f\u00fcr den Inhalt nach \u00a7 55 Abs. 2 RStV:<br data-start=\"626\" data-end=\"629\" \/>\u0421\u0430\u0448\u0430 \u0425\u043e\u0444 \u0438 \u0412\u0438\u043a\u0442\u043e\u0440 \u041d\u0435\u0434\u0443\u0449\u0435\u043d\u043a\u043e<br data-start=\"660\" data-end=\"663\" \/>\u0410\u043d \u0434\u0435\u0440 \u041b\u0430\u0445 42<br data-start=\"677\" data-end=\"680\" \/>86720 \u041d\u0451\u0440\u0434\u043b\u0438\u043d\u0433\u0435\u043d<\/p><hr data-start=\"700\" data-end=\"703\" \/><h3 data-start=\"705\" data-end=\"743\">Hinweis auf EU-Streitschlichtung<\/h3><p data-start=\"744\" data-end=\"963\">\u0415\u0432\u0440\u043e\u043a\u043e\u043c\u0438\u0441\u0441\u0438\u044f \u043f\u0440\u0435\u0434\u043b\u0430\u0433\u0430\u0435\u0442 \u0441\u0432\u043e\u044e \u043f\u043b\u0430\u0442\u0444\u043e\u0440\u043c\u0443 \u0434\u043b\u044f \u043e\u043d\u043b\u0430\u0439\u043d\u043e\u0432\u043e\u0433\u043e \u0448\u0442\u0440\u0435\u0439\u043a\u0431\u0440\u0435\u0445\u0435\u0440\u0441\u0442\u0432\u0430 (OS): <a class=\"decorated-link cursor-pointer\" target=\"_new\" rel=\"noopener\" data-start=\"833\" data-end=\"907\">https:\/\/ec.europa.eu\/consumers\/odr\/<\/a><br data-start=\"907\" data-end=\"910\" \/>\u041d\u0430\u0448 \u0430\u0434\u0440\u0435\u0441 \u044d\u043b\u0435\u043a\u0442\u0440\u043e\u043d\u043d\u043e\u0439 \u043f\u043e\u0447\u0442\u044b \u0432\u044b \u043d\u0430\u0439\u0434\u0435\u0442\u0435 \u0432 \u0418\u043c\u043f\u0440\u0435\u0441\u0441\u0443\u043c\u0435.<\/p><p data-start=\"965\" data-end=\"1101\">\u041c\u044b \u043d\u0435 \u0434\u043e\u043b\u0436\u043d\u044b \u0434\u043e\u043f\u0443\u0441\u043a\u0430\u0442\u044c, \u0447\u0442\u043e\u0431\u044b \u0432 \u043e\u0434\u043d\u043e\u0439 \u0438\u0437 \u0432\u0435\u0440\u0431\u043b\u044e\u0436\u044c\u0438\u0445 \u0448\u0430\u0445\u0442, \u0440\u0430\u0441\u043f\u043e\u043b\u043e\u0436\u0435\u043d\u043d\u044b\u0445 \u043f\u0435\u0440\u0435\u0434 \u043e\u0434\u043d\u043e\u0439 \u0438\u0437 \u0432\u0435\u0440\u0431\u043b\u044e\u0436\u044c\u0438\u0445 \u0448\u0442\u043e\u043b\u0435\u043d, \u0431\u044b\u043b\u0438 \u043e\u0431\u043d\u0430\u0440\u0443\u0436\u0435\u043d\u044b \u043d\u0430\u0440\u0443\u0448\u0435\u043d\u0438\u044f.<\/p>\t\t\t\t\t\t\t\t<\/div>\n\t\t\t\t\t<\/div>\n\t\t\t\t<\/div>\n\t\t\t\t<\/div>","protected":false},"excerpt":{"rendered":"<p>Impressum Montageservice S\u00fcdbayern GmbHAn der Lach 4286720 N\u00f6rdlingen Vertreten durch die Gesch\u00e4ftsf\u00fchrer: Sascha Hof Viktor Neduschenko Kontakt:Telefon: +49 152 34152470E-Mail: [&hellip;]<\/p>","protected":false},"author":1,"featured_media":0,"parent":0,"menu_order":0,"comment_status":"closed","ping_status":"closed","template":"elementor_header_footer","meta":{"site-sidebar-layout":"no-sidebar","site-content-layout":"","ast-site-content-layout":"full-width-container","site-content-style":"default","site-sidebar-style":"default","ast-global-header-display":"","ast-banner-title-visibility":"","ast-main-header-display":"","ast-hfb-above-header-display":"","ast-hfb-below-header-display":"","ast-hfb-mobile-header-display":"","site-post-title":"","ast-breadcrumbs-content":"","ast-featured-img":"disabled","footer-sml-layout":"","theme-transparent-header-meta":"","adv-header-id-meta":"","stick-header-meta":"","header-above-stick-meta":"","header-main-stick-meta":"","header-below-stick-meta":"","astra-migrate-meta-layouts":"default","ast-page-background-enabled":"default","ast-page-background-meta":{"desktop":{"background-color":"var(--ast-global-color-5)","background-image":"","background-repeat":"repeat","background-position":"center center","background-size":"auto","background-attachment":"scroll","background-type":"","background-media":"","overlay-type":"","overlay-color":"","overlay-opacity":"","overlay-gradient":""},"tablet":{"background-color":"","background-image":"","background-repeat":"repeat","background-position":"center center","background-size":"auto","background-attachment":"scroll","background-type":"","background-media":"","overlay-type":"","overlay-color":"","overlay-opacity":"","overlay-gradient":""},"mobile":{"background-color":"","background-image":"","background-repeat":"repeat","background-position":"center center","background-size":"auto","background-attachment":"scroll","background-type":"","background-media":"","overlay-type":"","overlay-color":"","overlay-opacity":"","overlay-gradient":""}},"ast-content-background-meta":{"desktop":{"background-color":"var(--ast-global-color-4)","background-image":"","background-repeat":"repeat","background-position":"center center","background-size":"auto","background-attachment":"scroll","background-type":"","background-media":"","overlay-type":"","overlay-color":"","overlay-opacity":"","overlay-gradient":""},"tablet":{"background-color":"var(--ast-global-color-4)","background-image":"","background-repeat":"repeat","background-position":"center center","background-size":"auto","background-attachment":"scroll","background-type":"","background-media":"","overlay-type":"","overlay-color":"","overlay-opacity":"","overlay-gradient":""},"mobile":{"background-color":"var(--ast-global-color-4)","background-image":"","background-repeat":"repeat","background-position":"center center","background-size":"auto","background-attachment":"scroll","background-type":"","background-media":"","overlay-type":"","overlay-color":"","overlay-opacity":"","overlay-gradient":""}},"footnotes":""},"class_list":["post-5362","page","type-page","status-publish","hentry"],"yoast_head":"<!-- This site is optimized with the Yoast SEO plugin v25.7 - https:\/\/yoast.com\/wordpress\/plugins\/seo\/ -->\n<title>Impressum - Montageservice S\u00fcdbayern<\/title>\n<meta name=\"robots\" content=\"index, follow, max-snippet:-1, max-image-preview:large, max-video-preview:-1\" \/>\n<link rel=\"canonical\" href=\"https:\/\/montageservice-suedbayern.de\/ru\/impressum\/\" \/>\n<meta property=\"og:locale\" content=\"ru_RU\" \/>\n<meta property=\"og:type\" content=\"article\" \/>\n<meta property=\"og:title\" content=\"Impressum - Montageservice S\u00fcdbayern\" \/>\n<meta property=\"og:description\" content=\"Impressum Montageservice S\u00fcdbayern GmbHAn der Lach 4286720 N\u00f6rdlingen Vertreten durch die Gesch\u00e4ftsf\u00fchrer: Sascha Hof Viktor Neduschenko Kontakt:Telefon: +49 152 34152470E-Mail: [&hellip;]\" \/>\n<meta property=\"og:url\" content=\"https:\/\/montageservice-suedbayern.de\/ru\/impressum\/\" \/>\n<meta property=\"og:site_name\" content=\"Montageservice S\u00fcdbayern\" \/>\n<meta property=\"article:modified_time\" content=\"2025-08-21T10:40:05+00:00\" \/>\n<meta name=\"twitter:card\" content=\"summary_large_image\" \/>\n<script type=\"application\/ld+json\" class=\"yoast-schema-graph\">{\"@context\":\"https:\/\/schema.org\",\"@graph\":[{\"@type\":\"WebPage\",\"@id\":\"https:\/\/montageservice-suedbayern.de\/impressum\/\",\"url\":\"https:\/\/montageservice-suedbayern.de\/impressum\/\",\"name\":\"Impressum - Montageservice S\u00fcdbayern\",\"isPartOf\":{\"@id\":\"https:\/\/montageservice-suedbayern.de\/#website\"},\"datePublished\":\"2025-08-19T13:49:58+00:00\",\"dateModified\":\"2025-08-21T10:40:05+00:00\",\"breadcrumb\":{\"@id\":\"https:\/\/montageservice-suedbayern.de\/impressum\/#breadcrumb\"},\"inLanguage\":\"ru-RU\",\"potentialAction\":[{\"@type\":\"ReadAction\",\"target\":[\"https:\/\/montageservice-suedbayern.de\/impressum\/\"]}]},{\"@type\":\"BreadcrumbList\",\"@id\":\"https:\/\/montageservice-suedbayern.de\/impressum\/#breadcrumb\",\"itemListElement\":[{\"@type\":\"ListItem\",\"position\":1,\"name\":\"Home\",\"item\":\"https:\/\/montageservice-suedbayern.de\/\"},{\"@type\":\"ListItem\",\"position\":2,\"name\":\"Impressum\"}]},{\"@type\":\"WebSite\",\"@id\":\"https:\/\/montageservice-suedbayern.de\/#website\",\"url\":\"https:\/\/montageservice-suedbayern.de\/\",\"name\":\"Montageservice S\u00fcdbayern\",\"description\":\"\",\"publisher\":{\"@id\":\"https:\/\/montageservice-suedbayern.de\/#organization\"},\"potentialAction\":[{\"@type\":\"SearchAction\",\"target\":{\"@type\":\"EntryPoint\",\"urlTemplate\":\"https:\/\/montageservice-suedbayern.de\/?s={search_term_string}\"},\"query-input\":{\"@type\":\"PropertyValueSpecification\",\"valueRequired\":true,\"valueName\":\"search_term_string\"}}],\"inLanguage\":\"ru-RU\"},{\"@type\":\"Organization\",\"@id\":\"https:\/\/montageservice-suedbayern.de\/#organization\",\"name\":\"Montageservice S\u00fcdbayern\",\"url\":\"https:\/\/montageservice-suedbayern.de\/\",\"logo\":{\"@type\":\"ImageObject\",\"inLanguage\":\"ru-RU\",\"@id\":\"https:\/\/montageservice-suedbayern.de\/#\/schema\/logo\/image\/\",\"url\":\"https:\/\/montageservice-suedbayern.de\/wp-content\/uploads\/2025\/08\/MontageserviceLogo-1.svg\",\"contentUrl\":\"https:\/\/montageservice-suedbayern.de\/wp-content\/uploads\/2025\/08\/MontageserviceLogo-1.svg\",\"width\":500,\"height\":500,\"caption\":\"Montageservice S\u00fcdbayern\"},\"image\":{\"@id\":\"https:\/\/montageservice-suedbayern.de\/#\/schema\/logo\/image\/\"}}]}<\/script>\n<!-- \/ Yoast SEO plugin. -->","yoast_head_json":{"title":"Impressum - Montageservice S\u00fcdbayern","robots":{"index":"index","follow":"follow","max-snippet":"max-snippet:-1","max-image-preview":"max-image-preview:large","max-video-preview":"max-video-preview:-1"},"canonical":"https:\/\/montageservice-suedbayern.de\/ru\/impressum\/","og_locale":"ru_RU","og_type":"article","og_title":"Impressum - Montageservice S\u00fcdbayern","og_description":"Impressum Montageservice S\u00fcdbayern GmbHAn der Lach 4286720 N\u00f6rdlingen Vertreten durch die Gesch\u00e4ftsf\u00fchrer: Sascha Hof Viktor Neduschenko Kontakt:Telefon: +49 152 34152470E-Mail: [&hellip;]","og_url":"https:\/\/montageservice-suedbayern.de\/ru\/impressum\/","og_site_name":"Montageservice S\u00fcdbayern","article_modified_time":"2025-08-21T10:40:05+00:00","twitter_card":"summary_large_image","schema":{"@context":"https:\/\/schema.org","@graph":[{"@type":"WebPage","@id":"https:\/\/montageservice-suedbayern.de\/impressum\/","url":"https:\/\/montageservice-suedbayern.de\/impressum\/","name":"Impressum - Montageservice S\u00fcdbayern","isPartOf":{"@id":"https:\/\/montageservice-suedbayern.de\/#website"},"datePublished":"2025-08-19T13:49:58+00:00","dateModified":"2025-08-21T10:40:05+00:00","breadcrumb":{"@id":"https:\/\/montageservice-suedbayern.de\/impressum\/#breadcrumb"},"inLanguage":"ru-RU","potentialAction":[{"@type":"ReadAction","target":["https:\/\/montageservice-suedbayern.de\/impressum\/"]}]},{"@type":"BreadcrumbList","@id":"https:\/\/montageservice-suedbayern.de\/impressum\/#breadcrumb","itemListElement":[{"@type":"ListItem","position":1,"name":"Home","item":"https:\/\/montageservice-suedbayern.de\/"},{"@type":"ListItem","position":2,"name":"Impressum"}]},{"@type":"WebSite","@id":"https:\/\/montageservice-suedbayern.de\/#website","url":"https:\/\/montageservice-suedbayern.de\/","name":"\u041c\u043e\u043d\u0442\u0430\u0436\u043d\u044b\u0439 \u0441\u0435\u0440\u0432\u0438\u0441 \u0417\u044e\u0434\u0431\u0430\u0439\u0435\u0440\u043d","description":"","publisher":{"@id":"https:\/\/montageservice-suedbayern.de\/#organization"},"potentialAction":[{"@type":"SearchAction","target":{"@type":"EntryPoint","urlTemplate":"https:\/\/montageservice-suedbayern.de\/?s={search_term_string}"},"query-input":{"@type":"PropertyValueSpecification","valueRequired":true,"valueName":"search_term_string"}}],"inLanguage":"ru-RU"},{"@type":"Organization","@id":"https:\/\/montageservice-suedbayern.de\/#organization","name":"\u041c\u043e\u043d\u0442\u0430\u0436\u043d\u044b\u0439 \u0441\u0435\u0440\u0432\u0438\u0441 \u0417\u044e\u0434\u0431\u0430\u0439\u0435\u0440\u043d","url":"https:\/\/montageservice-suedbayern.de\/","logo":{"@type":"ImageObject","inLanguage":"ru-RU","@id":"https:\/\/montageservice-suedbayern.de\/#\/schema\/logo\/image\/","url":"https:\/\/montageservice-suedbayern.de\/wp-content\/uploads\/2025\/08\/MontageserviceLogo-1.svg","contentUrl":"https:\/\/montageservice-suedbayern.de\/wp-content\/uploads\/2025\/08\/MontageserviceLogo-1.svg","width":500,"height":500,"caption":"Montageservice S\u00fcdbayern"},"image":{"@id":"https:\/\/montageservice-suedbayern.de\/#\/schema\/logo\/image\/"}}]}},"_links":{"self":[{"href":"https:\/\/montageservice-suedbayern.de\/ru\/wp-json\/wp\/v2\/pages\/5362","targetHints":{"allow":["GET"]}}],"collection":[{"href":"https:\/\/montageservice-suedbayern.de\/ru\/wp-json\/wp\/v2\/pages"}],"about":[{"href":"https:\/\/montageservice-suedbayern.de\/ru\/wp-json\/wp\/v2\/types\/page"}],"author":[{"embeddable":true,"href":"https:\/\/montageservice-suedbayern.de\/ru\/wp-json\/wp\/v2\/users\/1"}],"replies":[{"embeddable":true,"href":"https:\/\/montageservice-suedbayern.de\/ru\/wp-json\/wp\/v2\/comments?post=5362"}],"version-history":[{"count":13,"href":"https:\/\/montageservice-suedbayern.de\/ru\/wp-json\/wp\/v2\/pages\/5362\/revisions"}],"predecessor-version":[{"id":5534,"href":"https:\/\/montageservice-suedbayern.de\/ru\/wp-json\/wp\/v2\/pages\/5362\/revisions\/5534"}],"wp:attachment":[{"href":"https:\/\/montageservice-suedbayern.de\/ru\/wp-json\/wp\/v2\/media?parent=5362"}],"curies":[{"name":"wp","href":"https:\/\/api.w.org\/{rel}","templated":true}]}}